{"id":754,"date":"2020-09-07T19:25:46","date_gmt":"2020-09-07T19:25:46","guid":{"rendered":"https:\/\/es.alldancerules.com\/?page_id=754"},"modified":"2025-01-06T03:58:58","modified_gmt":"2025-01-06T03:58:58","slug":"teatro-musical","status":"publish","type":"page","link":"https:\/\/es.alldancerules.com\/index.php\/teatro-musical\/","title":{"rendered":"TEATRO MUSICAL"},"content":{"rendered":"\t\t<div data-elementor-type=\"wp-page\" data-elementor-id=\"754\" class=\"elementor elementor-754\" data-elementor-post-type=\"page\">\n\t\t\t\t\t\t<section class=\"elementor-section elementor-top-section elementor-element elementor-element-68f7520 elementor-section-boxed elementor-section-height-default elementor-section-height-default\" data-id=\"68f7520\" data-element_type=\"section\" data-settings=\"{&quot;background_background&quot;:&quot;classic&quot;}\">\n\t\t\t\t\t\t<div class=\"elementor-container elementor-column-gap-default\">\n\t\t\t\t\t<div class=\"elementor-column elementor-col-100 elementor-top-column elementor-element elementor-element-86b946d\" data-id=\"86b946d\" data-element_type=\"column\">\n\t\t\t<div class=\"elementor-widget-wrap elementor-element-populated\">\n\t\t\t\t\t\t<div class=\"elementor-element elementor-element-f67173b elementor-widget elementor-widget-heading\" data-id=\"f67173b\" data-element_type=\"widget\" data-widget_type=\"heading.default\">\n\t\t\t\t<div class=\"elementor-widget-container\">\n\t\t\t<style>\/*! elementor - v3.20.0 - 26-03-2024 *\/\n.elementor-heading-title{padding:0;margin:0;line-height:1}.elementor-widget-heading .elementor-heading-title[class*=elementor-size-]>a{color:inherit;font-size:inherit;line-height:inherit}.elementor-widget-heading .elementor-heading-title.elementor-size-small{font-size:15px}.elementor-widget-heading .elementor-heading-title.elementor-size-medium{font-size:19px}.elementor-widget-heading .elementor-heading-title.elementor-size-large{font-size:29px}.elementor-widget-heading .elementor-heading-title.elementor-size-xl{font-size:39px}.elementor-widget-heading .elementor-heading-title.elementor-size-xxl{font-size:59px}<\/style><h2 class=\"elementor-heading-title elementor-size-default\">ART.8.4 ALL DANCE TEATRO MUSICAL<\/h2>\t\t<\/div>\n\t\t\t\t<\/div>\n\t\t\t\t<div class=\"elementor-element elementor-element-73d256b elementor-hidden-desktop elementor-hidden-tablet elementor-hidden-mobile elementor-widget elementor-widget-image\" data-id=\"73d256b\" data-element_type=\"widget\" data-widget_type=\"image.default\">\n\t\t\t\t<div class=\"elementor-widget-container\">\n\t\t\t<style>\/*! elementor - v3.20.0 - 26-03-2024 *\/\n.elementor-widget-image{text-align:center}.elementor-widget-image a{display:inline-block}.elementor-widget-image a img[src$=\".svg\"]{width:48px}.elementor-widget-image img{vertical-align:middle;display:inline-block}<\/style>\t\t\t\t\t\t\t\t\t\t<img decoding=\"async\" src=\"https:\/\/es.alldancerules.com\/wp-content\/uploads\/elementor\/thumbs\/MUSICAL-THEATRE-qljidqo8wtf5ryajda3q5jn0653q4naajkp4qpanwo.jpg\" title=\"MUSICAL-THEATRE\" alt=\"MUSICAL-THEATRE\" loading=\"lazy\" \/>\t\t\t\t\t\t\t\t\t\t\t\t\t<\/div>\n\t\t\t\t<\/div>\n\t\t\t\t<div class=\"elementor-element elementor-element-a898cf1 elementor-widget elementor-widget-text-editor\" data-id=\"a898cf1\" data-element_type=\"widget\" data-widget_type=\"text-editor.default\">\n\t\t\t\t<div class=\"elementor-widget-container\">\n\t\t\t<style>\/*! elementor - v3.20.0 - 26-03-2024 *\/\n.elementor-widget-text-editor.elementor-drop-cap-view-stacked .elementor-drop-cap{background-color:#69727d;color:#fff}.elementor-widget-text-editor.elementor-drop-cap-view-framed .elementor-drop-cap{color:#69727d;border:3px solid;background-color:transparent}.elementor-widget-text-editor:not(.elementor-drop-cap-view-default) .elementor-drop-cap{margin-top:8px}.elementor-widget-text-editor:not(.elementor-drop-cap-view-default) .elementor-drop-cap-letter{width:1em;height:1em}.elementor-widget-text-editor .elementor-drop-cap{float:left;text-align:center;line-height:1;font-size:50px}.elementor-widget-text-editor .elementor-drop-cap-letter{display:inline-block}<\/style>\t\t\t\t<p style=\"text-align: justify; vertical-align: baseline; margin: 0in 0in 19.2pt 0in;\"><span lang=\"ES-CO\" style=\"font-size: 11.5pt; font-family: 'Arial',sans-serif;\">Es una forma de espect\u00e1culo que combina m\u00fasica, canto, di\u00e1logo y danza. En esta modalidad, se integra acompa\u00f1amientos instrumentales e interludios sincronizados en una trama emocional a trav\u00e9s de la proyecci\u00f3n de la imagen. Su presentaci\u00f3n debe contar con las caracter\u00edsticas ya mencionadas.<\/span><\/p><p style=\"text-align: justify; vertical-align: baseline; margin: 0in 0in 19.2pt 0in;\"><span lang=\"ES-CO\" style=\"font-size: 11.5pt; font-family: 'Arial',sans-serif;\">La coreograf\u00eda debe consistir al menos de un 40% de danza. Cabe recalcar que los tributos a cantantes y m\u00edmicas de canciones famosas no ser\u00e1n considerados un musical. Los zapatos o calzado ser\u00e1n de acuerdo con el g\u00e9nero danc\u00edstico elegido por el core\u00f3grafo o bailar\u00edn. La coreograf\u00eda puede contener un m\u00e1ximo de tres elementos acrob\u00e1ticos y\/o gimn\u00e1sticos.<\/span><\/p><p style=\"text-align: justify; vertical-align: baseline; margin: 0in 0in 19.2pt 0in;\"><span lang=\"ES-CO\" style=\"font-size: 11.5pt; font-family: 'Arial',sans-serif;\">En est\u00e1 modalidad se podr\u00e1 realizar canto en vivo o playback (imitaci\u00f3n de voz), el canto en vivo ser\u00e1 evaluado como elemento de dificultad.<\/span><\/p><p><strong>NOTA:<\/strong> No se considerar\u00e1 plagio las coreograf\u00edas inspiradas en obras ya existentes o en personajes. No se penalizar\u00e1 por plagio siempre que la coreograf\u00eda no supere el 45% de coincidencia total. Siempre se calificar\u00e1 originalidad en las coreograf\u00edas.<\/p><div>\u00a0<\/div>\t\t\t\t\t\t<\/div>\n\t\t\t\t<\/div>\n\t\t\t\t<div class=\"elementor-element elementor-element-2dfa71a elementor-widget elementor-widget-spacer\" data-id=\"2dfa71a\" data-element_type=\"widget\" data-widget_type=\"spacer.default\">\n\t\t\t\t<div class=\"elementor-widget-container\">\n\t\t\t<style>\/*! elementor - v3.20.0 - 26-03-2024 *\/\n.elementor-column .elementor-spacer-inner{height:var(--spacer-size)}.e-con{--container-widget-width:100%}.e-con-inner>.elementor-widget-spacer,.e-con>.elementor-widget-spacer{width:var(--container-widget-width,var(--spacer-size));--align-self:var(--container-widget-align-self,initial);--flex-shrink:0}.e-con-inner>.elementor-widget-spacer>.elementor-widget-container,.e-con>.elementor-widget-spacer>.elementor-widget-container{height:100%;width:100%}.e-con-inner>.elementor-widget-spacer>.elementor-widget-container>.elementor-spacer,.e-con>.elementor-widget-spacer>.elementor-widget-container>.elementor-spacer{height:100%}.e-con-inner>.elementor-widget-spacer>.elementor-widget-container>.elementor-spacer>.elementor-spacer-inner,.e-con>.elementor-widget-spacer>.elementor-widget-container>.elementor-spacer>.elementor-spacer-inner{height:var(--container-widget-height,var(--spacer-size))}.e-con-inner>.elementor-widget-spacer.elementor-widget-empty,.e-con>.elementor-widget-spacer.elementor-widget-empty{position:relative;min-height:22px;min-width:22px}.e-con-inner>.elementor-widget-spacer.elementor-widget-empty .elementor-widget-empty-icon,.e-con>.elementor-widget-spacer.elementor-widget-empty .elementor-widget-empty-icon{position:absolute;top:0;bottom:0;left:0;right:0;margin:auto;padding:0;width:22px;height:22px}<\/style>\t\t<div class=\"elementor-spacer\">\n\t\t\t<div class=\"elementor-spacer-inner\"><\/div>\n\t\t<\/div>\n\t\t\t\t<\/div>\n\t\t\t\t<\/div>\n\t\t\t\t<section class=\"elementor-section elementor-inner-section elementor-element elementor-element-40bcc23 elementor-section-boxed elementor-section-height-default elementor-section-height-default\" data-id=\"40bcc23\" data-element_type=\"section\">\n\t\t\t\t\t\t<div class=\"elementor-container elementor-column-gap-no\">\n\t\t\t\t\t<div class=\"elementor-column elementor-col-25 elementor-inner-column elementor-element elementor-element-ab3e1ad\" data-id=\"ab3e1ad\" data-element_type=\"column\">\n\t\t\t<div class=\"elementor-widget-wrap\">\n\t\t\t\t\t\t\t<\/div>\n\t\t<\/div>\n\t\t\t\t<div class=\"elementor-column elementor-col-25 elementor-inner-column elementor-element elementor-element-3e0fa1c\" data-id=\"3e0fa1c\" data-element_type=\"column\">\n\t\t\t<div class=\"elementor-widget-wrap elementor-element-populated\">\n\t\t\t\t\t\t<div class=\"elementor-element elementor-element-73ea9b4 elementor-widget elementor-widget-image\" data-id=\"73ea9b4\" data-element_type=\"widget\" data-widget_type=\"image.default\">\n\t\t\t\t<div class=\"elementor-widget-container\">\n\t\t\t\t\t\t\t\t\t\t\t\t\t\t<a href=\"https:\/\/es.alldancerules.com\/index.php\/jazz-2\/\">\n\t\t\t\t\t\t\t<img decoding=\"async\" src=\"https:\/\/es.alldancerules.com\/wp-content\/uploads\/elementor\/thumbs\/izquierda-qljid28ahrxr52k8gvn5ud0e23hulm4jb538l75e9g.png\" title=\"izquierda\" alt=\"izquierda\" loading=\"lazy\" \/>\t\t\t\t\t\t\t\t<\/a>\n\t\t\t\t\t\t\t\t\t\t\t\t\t<\/div>\n\t\t\t\t<\/div>\n\t\t\t\t\t<\/div>\n\t\t<\/div>\n\t\t\t\t<div class=\"elementor-column elementor-col-25 elementor-inner-column elementor-element elementor-element-b9b6b2d\" data-id=\"b9b6b2d\" data-element_type=\"column\">\n\t\t\t<div class=\"elementor-widget-wrap elementor-element-populated\">\n\t\t\t\t\t\t<div class=\"elementor-element elementor-element-c8efbc9 elementor-widget elementor-widget-image\" data-id=\"c8efbc9\" data-element_type=\"widget\" data-widget_type=\"image.default\">\n\t\t\t\t<div class=\"elementor-widget-container\">\n\t\t\t\t\t\t\t\t\t\t\t\t\t\t<a href=\"https:\/\/es.alldancerules.com\/index.php\/tap-2\/\">\n\t\t\t\t\t\t\t<img decoding=\"async\" src=\"https:\/\/es.alldancerules.com\/wp-content\/uploads\/elementor\/thumbs\/derecha-qljibb93rvjjj73pomf5pawi9a499w6iqhdpfnqruc.png\" title=\"derecha\" alt=\"derecha\" loading=\"lazy\" \/>\t\t\t\t\t\t\t\t<\/a>\n\t\t\t\t\t\t\t\t\t\t\t\t\t<\/div>\n\t\t\t\t<\/div>\n\t\t\t\t\t<\/div>\n\t\t<\/div>\n\t\t\t\t<div class=\"elementor-column elementor-col-25 elementor-inner-column elementor-element elementor-element-f8e3ce2\" data-id=\"f8e3ce2\" data-element_type=\"column\">\n\t\t\t<div class=\"elementor-widget-wrap\">\n\t\t\t\t\t\t\t<\/div>\n\t\t<\/div>\n\t\t\t\t\t<\/div>\n\t\t<\/section>\n\t\t\t\t\t<\/div>\n\t\t<\/div>\n\t\t\t\t\t<\/div>\n\t\t<\/section>\n\t\t\t\t<\/div>\n\t\t","protected":false},"excerpt":{"rendered":"<p>ART.8.4 ALL DANCE TEATRO MUSICAL Es una forma de espect\u00e1culo que combina m\u00fasica, canto, di\u00e1logo y danza. En esta modalidad, [&hellip;]<\/p>\n","protected":false},"author":2,"featured_media":0,"parent":0,"menu_order":0,"comment_status":"closed","ping_status":"closed","template":"elementor_header_footer","meta":{"site-sidebar-layout":"no-sidebar","site-content-layout":"page-builder","ast-site-content-layout":"full-width-container","site-content-style":"unboxed","site-sidebar-style":"unboxed","ast-global-header-display":"","ast-banner-title-visibility":"","ast-main-header-display":"","ast-hfb-above-header-display":"","ast-hfb-below-header-display":"","ast-hfb-mobile-header-display":"","site-post-title":"disabled","ast-breadcrumbs-content":"","ast-featured-img":"disabled","footer-sml-layout":"","theme-transparent-header-meta":"default","adv-header-id-meta":"","stick-header-meta":"default","header-above-stick-meta":"","header-main-stick-meta":"","header-below-stick-meta":"","astra-migrate-meta-layouts":"set","ast-page-background-enabled":"default","ast-page-background-meta":{"desktop":{"background-color":"var(--ast-global-color-4)","background-image":"","background-repeat":"repeat","background-position":"center center","background-size":"auto","background-attachment":"scroll","background-type":"","background-media":"","overlay-type":"","overlay-color":"","overlay-gradient":""},"tablet":{"background-color":"","background-image":"","background-repeat":"repeat","background-position":"center center","background-size":"auto","background-attachment":"scroll","background-type":"","background-media":"","overlay-type":"","overlay-color":"","overlay-gradient":""},"mobile":{"background-color":"","background-image":"","background-repeat":"repeat","background-position":"center center","background-size":"auto","background-attachment":"scroll","background-type":"","background-media":"","overlay-type":"","overlay-color":"","overlay-gradient":""}},"ast-content-background-meta":{"desktop":{"background-color":"var(--ast-global-color-5)","background-image":"","background-repeat":"repeat","background-position":"center center","background-size":"auto","background-attachment":"scroll","background-type":"","background-media":"","overlay-type":"","overlay-color":"","overlay-gradient":""},"tablet":{"background-color":"var(--ast-global-color-5)","background-image":"","background-repeat":"repeat","background-position":"center center","background-size":"auto","background-attachment":"scroll","background-type":"","background-media":"","overlay-type":"","overlay-color":"","overlay-gradient":""},"mobile":{"background-color":"var(--ast-global-color-5)","background-image":"","background-repeat":"repeat","background-position":"center center","background-size":"auto","background-attachment":"scroll","background-type":"","background-media":"","overlay-type":"","overlay-color":"","overlay-gradient":""}},"footnotes":""},"class_list":["post-754","page","type-page","status-publish","hentry"],"_links":{"self":[{"href":"https:\/\/es.alldancerules.com\/index.php\/wp-json\/wp\/v2\/pages\/754","targetHints":{"allow":["GET"]}}],"collection":[{"href":"https:\/\/es.alldancerules.com\/index.php\/wp-json\/wp\/v2\/pages"}],"about":[{"href":"https:\/\/es.alldancerules.com\/index.php\/wp-json\/wp\/v2\/types\/page"}],"author":[{"embeddable":true,"href":"https:\/\/es.alldancerules.com\/index.php\/wp-json\/wp\/v2\/users\/2"}],"replies":[{"embeddable":true,"href":"https:\/\/es.alldancerules.com\/index.php\/wp-json\/wp\/v2\/comments?post=754"}],"version-history":[{"count":13,"href":"https:\/\/es.alldancerules.com\/index.php\/wp-json\/wp\/v2\/pages\/754\/revisions"}],"predecessor-version":[{"id":3748,"href":"https:\/\/es.alldancerules.com\/index.php\/wp-json\/wp\/v2\/pages\/754\/revisions\/3748"}],"wp:attachment":[{"href":"https:\/\/es.alldancerules.com\/index.php\/wp-json\/wp\/v2\/media?parent=754"}],"curies":[{"name":"wp","href":"https:\/\/api.w.org\/{rel}","templated":true}]}}